{"id":4,"date":"2022-10-12T12:53:48","date_gmt":"2022-10-12T12:53:48","guid":{"rendered":"http:\/\/kindergruppefh-erlangen.de\/willkommen-auf-http-kindergruppefh-erlangen-de\/"},"modified":"2025-05-28T12:32:29","modified_gmt":"2025-05-28T12:32:29","slug":"startseite","status":"publish","type":"page","link":"http:\/\/kindergruppefh-erlangen.de\/startseite\/","title":{"rendered":"JugendKinderHaus FH e.V."},"content":{"rendered":"\n<p>Das JugendKinderHaus FH e.V. (ehemals Kindergruppe FH) ist eine parteilich arbeitende Einrichtung f\u00fcr Kinder und Jugendliche, die mit ihren M\u00fcttern im <a href=\"https:\/\/frauenhaus-erlangen.de\/\"><mark style=\"background-color:rgba(0, 0, 0, 0)\" class=\"has-inline-color has-vivid-cyan-blue-color\">Frauenhaus Erlangen<\/mark><\/a> leben und von sogenannter h\u00e4uslicher Gewalt betroffen sind bzw. waren.<\/p>\n\n\n\n<p>Der Verein bietet einen gesch\u00fctzen Raum f\u00fcr Kinder und Jugendliche, die physische, psychische und\/oder sexualisierte Gewalt direkt oder indirekt erfahren haben oder Zeug:innen der Misshandlung ihrer Mutter und\/oder Geschwister waren.<\/p>\n\n\n\n<p>Als unsere Aufgabe sehen wir es an:<\/p>\n\n\n\n<ul class=\"wp-block-list\">\n<li>ad\u00e4quat und parteilich auf ihre Bed\u00fcrfnisse einzugehen<\/li>\n\n\n\n<li>individuelle Hilfen und sozialtherapeutische Angebote bereitzustellen<\/li>\n\n\n\n<li>alltagsrelevante Unterst\u00fctzungs- und Beratungsangebote anzubieten<\/li>\n<\/ul>\n\n\n\n<p>Dabei arbeiten wir unabh\u00e4ngig von der Herkunft, Religion oder sexuellen Orientierung mit allen Kindern und Jugendlichen.<\/p>\n\n\n\n<p>Seit Gr\u00fcndung der ersten autonomen Frauenh\u00e4user hat sich die Arbeit mit Kindern und Jugendlichen zu einem Kernbereich der Frauenhausarbeit weiterentwickelt. Ohne eine p\u00e4dagogische und\/oder therapeutische Begleitung k\u00f6nnen sich Entwicklungsst\u00f6rungen oder psychische Traumata entwickeln. In unserer p\u00e4dagogischen Arbeit geht es darum, die Kinder und Jugendlichen mit der Grundhaltung &#8222;bedingungsloser Akzeptanz&#8220; dort abzuholen, wo sie in ihrer physischen, psychischen und kognitven Entwicklung stehen. Durch einen ressourcenorientierten Ansatz unterst\u00fctzen wir die Kinder und Jugendlichen darin, eigene Kompetenzen wieder zu entdecken. Damit sollen Gelegenheiten geschaffen werden, um kleine Erfolgserlebnisse im Alltag zu sammeln und Selbstwirksamkeit zu erfahren.<\/p>\n\n\n\n<p class=\"has-text-align-center\"><strong>Auf Betterplace finden Sie unseren aktuellen Spendenaufruf.<\/strong><\/p>\n\n\n\n<p><\/p>\n\n\n\n<div class=\"wp-block-buttons is-content-justification-center is-layout-flex wp-container-core-buttons-is-layout-1 wp-block-buttons-is-layout-flex\">\n<div class=\"wp-block-button has-custom-width wp-block-button__width-50\"><a class=\"wp-block-button__link has-vivid-green-cyan-background-color has-background wp-element-button\" href=\"https:\/\/www.wirwunder.de\/project\/149325?utm_source=Link&amp;utm_medium=ww_teaser&amp;utm_campaign=user_share&amp;utm_content=ww-hoechstadt\" rel=\"https:\/\/www.betterplace.org\/de\/projects\/125388?utm_campaign=user_share&amp;utm_medium=ppp_sticky&amp;utm_source=Link\">Spende auf Betterplace!<\/a><\/div>\n<\/div>\n","protected":false},"excerpt":{"rendered":"<p>Das JugendKinderHaus FH e.V. (ehemals Kindergruppe FH) ist eine parteilich arbeitende Einrichtung f\u00fcr Kinder und Jugendliche, die mit ihren M\u00fcttern im Frauenhaus Erlangen leben und von sogenannter h\u00e4uslicher Gewalt betroffen sind bzw. waren. Der Verein bietet einen gesch\u00fctzen Raum f\u00fcr Kinder und Jugendliche, die physische, psychische und\/oder sexualisierte Gewalt direkt oder indirekt erfahren haben oder [&hellip;]<\/p>\n","protected":false},"author":1,"featured_media":0,"parent":0,"menu_order":0,"comment_status":"closed","ping_status":"closed","template":"","meta":{"footnotes":""},"class_list":["post-4","page","type-page","status-publish","hentry"],"yoast_head":"<!-- This site is optimized with the Yoast SEO plugin v25.6 - https:\/\/yoast.com\/wordpress\/plugins\/seo\/ -->\n<title>JugendKinderHaus FH e.V. - JugendKinderHaus FH e.V.<\/title>\n<meta name=\"description\" content=\"Die Kindergruppe FH e.V. begleitet Kinder und Jugendliche im Frauenhaus Erlangen, die von psychischer und physischer Gewalt betroffenen sind.\" \/>\n<meta name=\"robots\" content=\"index, follow, max-snippet:-1, max-image-preview:large, max-video-preview:-1\" \/>\n<link rel=\"canonical\" href=\"http:\/\/kindergruppefh-erlangen.de\/startseite\/\" \/>\n<meta property=\"og:locale\" content=\"de_DE\" \/>\n<meta property=\"og:type\" content=\"article\" \/>\n<meta property=\"og:title\" content=\"JugendKinderHaus FH e.V. - JugendKinderHaus FH e.V.\" \/>\n<meta property=\"og:description\" content=\"Die Kindergruppe FH e.V. begleitet Kinder und Jugendliche im Frauenhaus Erlangen, die von psychischer und physischer Gewalt betroffenen sind.\" \/>\n<meta property=\"og:url\" content=\"http:\/\/kindergruppefh-erlangen.de\/startseite\/\" \/>\n<meta property=\"og:site_name\" content=\"JugendKinderHaus FH e.V.\" \/>\n<meta property=\"article:modified_time\" content=\"2025-05-28T12:32:29+00:00\" \/>\n<meta name=\"twitter:card\" content=\"summary_large_image\" \/>\n<meta name=\"twitter:label1\" content=\"Gesch\u00e4tzte Lesezeit\" \/>\n\t<meta name=\"twitter:data1\" content=\"2 Minuten\" \/>\n<script type=\"application\/ld+json\" class=\"yoast-schema-graph\">{\"@context\":\"https:\/\/schema.org\",\"@graph\":[{\"@type\":\"WebPage\",\"@id\":\"http:\/\/kindergruppefh-erlangen.de\/startseite\/\",\"url\":\"http:\/\/kindergruppefh-erlangen.de\/startseite\/\",\"name\":\"JugendKinderHaus FH e.V. - JugendKinderHaus FH e.V.\",\"isPartOf\":{\"@id\":\"http:\/\/kindergruppefh-erlangen.de\/startseite\/#website\"},\"datePublished\":\"2022-10-12T12:53:48+00:00\",\"dateModified\":\"2025-05-28T12:32:29+00:00\",\"description\":\"Die Kindergruppe FH e.V. begleitet Kinder und Jugendliche im Frauenhaus Erlangen, die von psychischer und physischer Gewalt betroffenen sind.\",\"breadcrumb\":{\"@id\":\"http:\/\/kindergruppefh-erlangen.de\/startseite\/#breadcrumb\"},\"inLanguage\":\"de-DE\",\"potentialAction\":[{\"@type\":\"ReadAction\",\"target\":[\"http:\/\/kindergruppefh-erlangen.de\/startseite\/\"]}]},{\"@type\":\"BreadcrumbList\",\"@id\":\"http:\/\/kindergruppefh-erlangen.de\/startseite\/#breadcrumb\",\"itemListElement\":[{\"@type\":\"ListItem\",\"position\":1,\"name\":\"Startseite\",\"item\":\"http:\/\/kindergruppefh-erlangen.de\/startseite\/\"},{\"@type\":\"ListItem\",\"position\":2,\"name\":\"JugendKinderHaus FH e.V.\"}]},{\"@type\":\"WebSite\",\"@id\":\"http:\/\/kindergruppefh-erlangen.de\/startseite\/#website\",\"url\":\"http:\/\/kindergruppefh-erlangen.de\/startseite\/\",\"name\":\"JugendKinderHaus FH e.V.\",\"description\":\"\",\"potentialAction\":[{\"@type\":\"SearchAction\",\"target\":{\"@type\":\"EntryPoint\",\"urlTemplate\":\"http:\/\/kindergruppefh-erlangen.de\/startseite\/?s={search_term_string}\"},\"query-input\":{\"@type\":\"PropertyValueSpecification\",\"valueRequired\":true,\"valueName\":\"search_term_string\"}}],\"inLanguage\":\"de-DE\"}]}<\/script>\n<!-- \/ Yoast SEO plugin. -->","yoast_head_json":{"title":"JugendKinderHaus FH e.V. - JugendKinderHaus FH e.V.","description":"Die Kindergruppe FH e.V. begleitet Kinder und Jugendliche im Frauenhaus Erlangen, die von psychischer und physischer Gewalt betroffenen sind.","robots":{"index":"index","follow":"follow","max-snippet":"max-snippet:-1","max-image-preview":"max-image-preview:large","max-video-preview":"max-video-preview:-1"},"canonical":"http:\/\/kindergruppefh-erlangen.de\/startseite\/","og_locale":"de_DE","og_type":"article","og_title":"JugendKinderHaus FH e.V. - JugendKinderHaus FH e.V.","og_description":"Die Kindergruppe FH e.V. begleitet Kinder und Jugendliche im Frauenhaus Erlangen, die von psychischer und physischer Gewalt betroffenen sind.","og_url":"http:\/\/kindergruppefh-erlangen.de\/startseite\/","og_site_name":"JugendKinderHaus FH e.V.","article_modified_time":"2025-05-28T12:32:29+00:00","twitter_card":"summary_large_image","twitter_misc":{"Gesch\u00e4tzte Lesezeit":"2 Minuten"},"schema":{"@context":"https:\/\/schema.org","@graph":[{"@type":"WebPage","@id":"http:\/\/kindergruppefh-erlangen.de\/startseite\/","url":"http:\/\/kindergruppefh-erlangen.de\/startseite\/","name":"JugendKinderHaus FH e.V. - JugendKinderHaus FH e.V.","isPartOf":{"@id":"http:\/\/kindergruppefh-erlangen.de\/startseite\/#website"},"datePublished":"2022-10-12T12:53:48+00:00","dateModified":"2025-05-28T12:32:29+00:00","description":"Die Kindergruppe FH e.V. begleitet Kinder und Jugendliche im Frauenhaus Erlangen, die von psychischer und physischer Gewalt betroffenen sind.","breadcrumb":{"@id":"http:\/\/kindergruppefh-erlangen.de\/startseite\/#breadcrumb"},"inLanguage":"de-DE","potentialAction":[{"@type":"ReadAction","target":["http:\/\/kindergruppefh-erlangen.de\/startseite\/"]}]},{"@type":"BreadcrumbList","@id":"http:\/\/kindergruppefh-erlangen.de\/startseite\/#breadcrumb","itemListElement":[{"@type":"ListItem","position":1,"name":"Startseite","item":"http:\/\/kindergruppefh-erlangen.de\/startseite\/"},{"@type":"ListItem","position":2,"name":"JugendKinderHaus FH e.V."}]},{"@type":"WebSite","@id":"http:\/\/kindergruppefh-erlangen.de\/startseite\/#website","url":"http:\/\/kindergruppefh-erlangen.de\/startseite\/","name":"JugendKinderHaus FH e.V.","description":"","potentialAction":[{"@type":"SearchAction","target":{"@type":"EntryPoint","urlTemplate":"http:\/\/kindergruppefh-erlangen.de\/startseite\/?s={search_term_string}"},"query-input":{"@type":"PropertyValueSpecification","valueRequired":true,"valueName":"search_term_string"}}],"inLanguage":"de-DE"}]}},"_links":{"self":[{"href":"http:\/\/kindergruppefh-erlangen.de\/startseite\/wp-json\/wp\/v2\/pages\/4"}],"collection":[{"href":"http:\/\/kindergruppefh-erlangen.de\/startseite\/wp-json\/wp\/v2\/pages"}],"about":[{"href":"http:\/\/kindergruppefh-erlangen.de\/startseite\/wp-json\/wp\/v2\/types\/page"}],"author":[{"embeddable":true,"href":"http:\/\/kindergruppefh-erlangen.de\/startseite\/wp-json\/wp\/v2\/users\/1"}],"replies":[{"embeddable":true,"href":"http:\/\/kindergruppefh-erlangen.de\/startseite\/wp-json\/wp\/v2\/comments?post=4"}],"version-history":[{"count":36,"href":"http:\/\/kindergruppefh-erlangen.de\/startseite\/wp-json\/wp\/v2\/pages\/4\/revisions"}],"predecessor-version":[{"id":245,"href":"http:\/\/kindergruppefh-erlangen.de\/startseite\/wp-json\/wp\/v2\/pages\/4\/revisions\/245"}],"wp:attachment":[{"href":"http:\/\/kindergruppefh-erlangen.de\/startseite\/wp-json\/wp\/v2\/media?parent=4"}],"curies":[{"name":"wp","href":"https:\/\/api.w.org\/{rel}","templated":true}]}}