{"id":38,"date":"2022-11-09T14:05:25","date_gmt":"2022-11-09T14:05:25","guid":{"rendered":"http:\/\/kindergruppefh-erlangen.de\/?page_id=38"},"modified":"2025-05-28T12:29:09","modified_gmt":"2025-05-28T12:29:09","slug":"naturpaedagogik","status":"publish","type":"page","link":"http:\/\/kindergruppefh-erlangen.de\/startseite\/naturpaedagogik\/","title":{"rendered":"Naturp\u00e4dagogik"},"content":{"rendered":"\n<p>Im Rahmen des JugendKinderHaus FH e.V. bieten wir Naturp\u00e4dagogik an.<\/p>\n\n\n\n<p><\/p>\n\n\n\n<blockquote class=\"wp-block-quote has-text-align-center is-layout-flow wp-block-quote-is-layout-flow\">\n<p class=\"has-text-align-center\"><em>&#8222;Wenn man gen\u00fcgend spielt, solange man klein ist, dann tr\u00e4gt man Sch\u00e4tze mit sich herum, aus denen man sp\u00e4ter sein ganzes Leben lang sch\u00f6pfen kann. Dann wei\u00df man, was es hei\u00dft, in sich eine warme, geheime Welt zu haben, die einem Kraft gibt, wenn das Leben schwer wird. Was auch geschieht, was man auch erlebt, man hat diese Welt in seinem Inneren, an die man sich halten kann.&#8220;<\/em><\/p>\n<cite> ~ Astrid Lindgren ~<\/cite><\/blockquote>\n\n\n\n<p>Nicht alle Kinder haben diese \u201eWelt im Inneren, an die man sich halten kann\u201c, von der Astrid Lindgren oben schreibt.<\/p>\n\n\n\n<p>In der Natur k\u00f6nnen Kinder einfach so sein wie sie sind. Sie k\u00f6nnen ihren kindlichen Bewegungsdrang ausleben und ihrer Entdeckerlust nachgehen, frei Spielen und ihrem Bed\u00fcrfnis nach Ruhe folgen.<\/p>\n\n\n\n<p>Naturp\u00e4dagogische Angebote f\u00f6rdern von ganz allein die Gesundheit und der Aufenthalt im Freien &#8211; in Licht und frischer Luft &#8211; st\u00e4rkt ihre Gesundheit und Immunabwehr. Die verschiedenen Anforderungen durch die Natur schulen die Motorik, durch Sinneswahrnehmungen k\u00f6nnen die Kinder die Verbundenheit mit dem Lebendigen sp\u00fcren und sich als Teil des Ganzen erleben. Dies f\u00f6rdert ihre Selbstwirksamkeit.<\/p>\n\n\n\n<p>Zeit in der Natur tut jedem Kind gut! Sie bietet Raum f\u00fcr Selbstprozesse, sinnlich zu erleben und sich selbst zu sp\u00fcren. Gerade Kinder mit belastenden Erfahrungen, Verhaltensauff\u00e4lligkeiten oder Entwicklungsst\u00f6rungen profitieren von den naturp\u00e4dagogischen Angeboten. Sie sind kein Ersatz f\u00fcr eine Therapie im engeren und heilkundlichen Sinne, sondern st\u00e4rken als pr\u00e4ventive Ma\u00dfnahme die Resilienz und f\u00f6rdern die Entwicklung.<\/p>\n\n\n\n<div class=\"wp-block-group\"><div class=\"wp-block-group__inner-container is-layout-constrained wp-block-group-is-layout-constrained\"><\/div><\/div>\n\n\n<div class=\"wp-block-image\">\n<figure class=\"aligncenter size-large is-resized\"><img loading=\"lazy\" decoding=\"async\" width=\"1024\" height=\"683\" src=\"http:\/\/kindergruppefh-erlangen.de\/wp-content\/uploads\/2023\/02\/tree-g764fadba9_1920-1024x683.jpg\" alt=\"\" class=\"wp-image-154\" style=\"width:837px;height:558px\" srcset=\"http:\/\/kindergruppefh-erlangen.de\/wp-content\/uploads\/2023\/02\/tree-g764fadba9_1920-1024x683.jpg 1024w, http:\/\/kindergruppefh-erlangen.de\/wp-content\/uploads\/2023\/02\/tree-g764fadba9_1920-300x200.jpg 300w, http:\/\/kindergruppefh-erlangen.de\/wp-content\/uploads\/2023\/02\/tree-g764fadba9_1920-768x512.jpg 768w, http:\/\/kindergruppefh-erlangen.de\/wp-content\/uploads\/2023\/02\/tree-g764fadba9_1920-1536x1024.jpg 1536w, http:\/\/kindergruppefh-erlangen.de\/wp-content\/uploads\/2023\/02\/tree-g764fadba9_1920.jpg 1920w\" sizes=\"(max-width: 1024px) 100vw, 1024px\" \/><\/figure><\/div>","protected":false},"excerpt":{"rendered":"<p>Im Rahmen des JugendKinderHaus FH e.V. bieten wir Naturp\u00e4dagogik an. &#8222;Wenn man gen\u00fcgend spielt, solange man klein ist, dann tr\u00e4gt man Sch\u00e4tze mit sich herum, aus denen man sp\u00e4ter sein ganzes Leben lang sch\u00f6pfen kann. Dann wei\u00df man, was es hei\u00dft, in sich eine warme, geheime Welt zu haben, die einem Kraft gibt, wenn das [&hellip;]<\/p>\n","protected":false},"author":1,"featured_media":0,"parent":0,"menu_order":0,"comment_status":"closed","ping_status":"closed","template":"","meta":{"footnotes":""},"class_list":["post-38","page","type-page","status-publish","hentry"],"yoast_head":"<!-- This site is optimized with the Yoast SEO plugin v25.6 - https:\/\/yoast.com\/wordpress\/plugins\/seo\/ -->\n<title>Naturp\u00e4dagogik - JugendKinderHaus FH e.V.<\/title>\n<meta name=\"description\" content=\"In der Natur k\u00f6nnen Kinder einfach so sein wie sie sind, frei Spielen und ihrem Bed\u00fcrfnis nach Ruhe folgen. Naturp\u00e4dagogische Angebote f\u00f6rdern von ganz allein die Gesundheit und der Aufenthalt im Freien - in Licht und frischer Luft - st\u00e4rkt ihre Gesundheit und Immunabwehr.\" \/>\n<meta name=\"robots\" content=\"index, follow, max-snippet:-1, max-image-preview:large, max-video-preview:-1\" \/>\n<link rel=\"canonical\" href=\"http:\/\/kindergruppefh-erlangen.de\/startseite\/naturpaedagogik\/\" \/>\n<meta property=\"og:locale\" content=\"de_DE\" \/>\n<meta property=\"og:type\" content=\"article\" \/>\n<meta property=\"og:title\" content=\"Naturp\u00e4dagogik - JugendKinderHaus FH e.V.\" \/>\n<meta property=\"og:description\" content=\"In der Natur k\u00f6nnen Kinder einfach so sein wie sie sind, frei Spielen und ihrem Bed\u00fcrfnis nach Ruhe folgen. Naturp\u00e4dagogische Angebote f\u00f6rdern von ganz allein die Gesundheit und der Aufenthalt im Freien - in Licht und frischer Luft - st\u00e4rkt ihre Gesundheit und Immunabwehr.\" \/>\n<meta property=\"og:url\" content=\"http:\/\/kindergruppefh-erlangen.de\/startseite\/naturpaedagogik\/\" \/>\n<meta property=\"og:site_name\" content=\"JugendKinderHaus FH e.V.\" \/>\n<meta property=\"article:modified_time\" content=\"2025-05-28T12:29:09+00:00\" \/>\n<meta property=\"og:image\" content=\"http:\/\/kindergruppefh-erlangen.de\/wp-content\/uploads\/2023\/02\/tree-g764fadba9_1920.jpg\" \/>\n\t<meta property=\"og:image:width\" content=\"1920\" \/>\n\t<meta property=\"og:image:height\" content=\"1280\" \/>\n\t<meta property=\"og:image:type\" content=\"image\/jpeg\" \/>\n<meta name=\"twitter:card\" content=\"summary_large_image\" \/>\n<meta name=\"twitter:label1\" content=\"Gesch\u00e4tzte Lesezeit\" \/>\n\t<meta name=\"twitter:data1\" content=\"2 Minuten\" \/>\n<script type=\"application\/ld+json\" class=\"yoast-schema-graph\">{\"@context\":\"https:\/\/schema.org\",\"@graph\":[{\"@type\":\"WebPage\",\"@id\":\"http:\/\/kindergruppefh-erlangen.de\/startseite\/naturpaedagogik\/\",\"url\":\"http:\/\/kindergruppefh-erlangen.de\/startseite\/naturpaedagogik\/\",\"name\":\"Naturp\u00e4dagogik - JugendKinderHaus FH e.V.\",\"isPartOf\":{\"@id\":\"http:\/\/kindergruppefh-erlangen.de\/startseite\/#website\"},\"primaryImageOfPage\":{\"@id\":\"http:\/\/kindergruppefh-erlangen.de\/startseite\/naturpaedagogik\/#primaryimage\"},\"image\":{\"@id\":\"http:\/\/kindergruppefh-erlangen.de\/startseite\/naturpaedagogik\/#primaryimage\"},\"thumbnailUrl\":\"http:\/\/kindergruppefh-erlangen.de\/wp-content\/uploads\/2023\/02\/tree-g764fadba9_1920-1024x683.jpg\",\"datePublished\":\"2022-11-09T14:05:25+00:00\",\"dateModified\":\"2025-05-28T12:29:09+00:00\",\"description\":\"In der Natur k\u00f6nnen Kinder einfach so sein wie sie sind, frei Spielen und ihrem Bed\u00fcrfnis nach Ruhe folgen. Naturp\u00e4dagogische Angebote f\u00f6rdern von ganz allein die Gesundheit und der Aufenthalt im Freien - in Licht und frischer Luft - st\u00e4rkt ihre Gesundheit und Immunabwehr.\",\"breadcrumb\":{\"@id\":\"http:\/\/kindergruppefh-erlangen.de\/startseite\/naturpaedagogik\/#breadcrumb\"},\"inLanguage\":\"de-DE\",\"potentialAction\":[{\"@type\":\"ReadAction\",\"target\":[\"http:\/\/kindergruppefh-erlangen.de\/startseite\/naturpaedagogik\/\"]}]},{\"@type\":\"ImageObject\",\"inLanguage\":\"de-DE\",\"@id\":\"http:\/\/kindergruppefh-erlangen.de\/startseite\/naturpaedagogik\/#primaryimage\",\"url\":\"http:\/\/kindergruppefh-erlangen.de\/wp-content\/uploads\/2023\/02\/tree-g764fadba9_1920-1024x683.jpg\",\"contentUrl\":\"http:\/\/kindergruppefh-erlangen.de\/wp-content\/uploads\/2023\/02\/tree-g764fadba9_1920-1024x683.jpg\"},{\"@type\":\"BreadcrumbList\",\"@id\":\"http:\/\/kindergruppefh-erlangen.de\/startseite\/naturpaedagogik\/#breadcrumb\",\"itemListElement\":[{\"@type\":\"ListItem\",\"position\":1,\"name\":\"Startseite\",\"item\":\"http:\/\/kindergruppefh-erlangen.de\/startseite\/\"},{\"@type\":\"ListItem\",\"position\":2,\"name\":\"Naturp\u00e4dagogik\"}]},{\"@type\":\"WebSite\",\"@id\":\"http:\/\/kindergruppefh-erlangen.de\/startseite\/#website\",\"url\":\"http:\/\/kindergruppefh-erlangen.de\/startseite\/\",\"name\":\"JugendKinderHaus FH e.V.\",\"description\":\"\",\"potentialAction\":[{\"@type\":\"SearchAction\",\"target\":{\"@type\":\"EntryPoint\",\"urlTemplate\":\"http:\/\/kindergruppefh-erlangen.de\/startseite\/?s={search_term_string}\"},\"query-input\":{\"@type\":\"PropertyValueSpecification\",\"valueRequired\":true,\"valueName\":\"search_term_string\"}}],\"inLanguage\":\"de-DE\"}]}<\/script>\n<!-- \/ Yoast SEO plugin. -->","yoast_head_json":{"title":"Naturp\u00e4dagogik - JugendKinderHaus FH e.V.","description":"In der Natur k\u00f6nnen Kinder einfach so sein wie sie sind, frei Spielen und ihrem Bed\u00fcrfnis nach Ruhe folgen. Naturp\u00e4dagogische Angebote f\u00f6rdern von ganz allein die Gesundheit und der Aufenthalt im Freien - in Licht und frischer Luft - st\u00e4rkt ihre Gesundheit und Immunabwehr.","robots":{"index":"index","follow":"follow","max-snippet":"max-snippet:-1","max-image-preview":"max-image-preview:large","max-video-preview":"max-video-preview:-1"},"canonical":"http:\/\/kindergruppefh-erlangen.de\/startseite\/naturpaedagogik\/","og_locale":"de_DE","og_type":"article","og_title":"Naturp\u00e4dagogik - JugendKinderHaus FH e.V.","og_description":"In der Natur k\u00f6nnen Kinder einfach so sein wie sie sind, frei Spielen und ihrem Bed\u00fcrfnis nach Ruhe folgen. Naturp\u00e4dagogische Angebote f\u00f6rdern von ganz allein die Gesundheit und der Aufenthalt im Freien - in Licht und frischer Luft - st\u00e4rkt ihre Gesundheit und Immunabwehr.","og_url":"http:\/\/kindergruppefh-erlangen.de\/startseite\/naturpaedagogik\/","og_site_name":"JugendKinderHaus FH e.V.","article_modified_time":"2025-05-28T12:29:09+00:00","og_image":[{"width":1920,"height":1280,"url":"http:\/\/kindergruppefh-erlangen.de\/wp-content\/uploads\/2023\/02\/tree-g764fadba9_1920.jpg","type":"image\/jpeg"}],"twitter_card":"summary_large_image","twitter_misc":{"Gesch\u00e4tzte Lesezeit":"2 Minuten"},"schema":{"@context":"https:\/\/schema.org","@graph":[{"@type":"WebPage","@id":"http:\/\/kindergruppefh-erlangen.de\/startseite\/naturpaedagogik\/","url":"http:\/\/kindergruppefh-erlangen.de\/startseite\/naturpaedagogik\/","name":"Naturp\u00e4dagogik - JugendKinderHaus FH e.V.","isPartOf":{"@id":"http:\/\/kindergruppefh-erlangen.de\/startseite\/#website"},"primaryImageOfPage":{"@id":"http:\/\/kindergruppefh-erlangen.de\/startseite\/naturpaedagogik\/#primaryimage"},"image":{"@id":"http:\/\/kindergruppefh-erlangen.de\/startseite\/naturpaedagogik\/#primaryimage"},"thumbnailUrl":"http:\/\/kindergruppefh-erlangen.de\/wp-content\/uploads\/2023\/02\/tree-g764fadba9_1920-1024x683.jpg","datePublished":"2022-11-09T14:05:25+00:00","dateModified":"2025-05-28T12:29:09+00:00","description":"In der Natur k\u00f6nnen Kinder einfach so sein wie sie sind, frei Spielen und ihrem Bed\u00fcrfnis nach Ruhe folgen. Naturp\u00e4dagogische Angebote f\u00f6rdern von ganz allein die Gesundheit und der Aufenthalt im Freien - in Licht und frischer Luft - st\u00e4rkt ihre Gesundheit und Immunabwehr.","breadcrumb":{"@id":"http:\/\/kindergruppefh-erlangen.de\/startseite\/naturpaedagogik\/#breadcrumb"},"inLanguage":"de-DE","potentialAction":[{"@type":"ReadAction","target":["http:\/\/kindergruppefh-erlangen.de\/startseite\/naturpaedagogik\/"]}]},{"@type":"ImageObject","inLanguage":"de-DE","@id":"http:\/\/kindergruppefh-erlangen.de\/startseite\/naturpaedagogik\/#primaryimage","url":"http:\/\/kindergruppefh-erlangen.de\/wp-content\/uploads\/2023\/02\/tree-g764fadba9_1920-1024x683.jpg","contentUrl":"http:\/\/kindergruppefh-erlangen.de\/wp-content\/uploads\/2023\/02\/tree-g764fadba9_1920-1024x683.jpg"},{"@type":"BreadcrumbList","@id":"http:\/\/kindergruppefh-erlangen.de\/startseite\/naturpaedagogik\/#breadcrumb","itemListElement":[{"@type":"ListItem","position":1,"name":"Startseite","item":"http:\/\/kindergruppefh-erlangen.de\/startseite\/"},{"@type":"ListItem","position":2,"name":"Naturp\u00e4dagogik"}]},{"@type":"WebSite","@id":"http:\/\/kindergruppefh-erlangen.de\/startseite\/#website","url":"http:\/\/kindergruppefh-erlangen.de\/startseite\/","name":"JugendKinderHaus FH e.V.","description":"","potentialAction":[{"@type":"SearchAction","target":{"@type":"EntryPoint","urlTemplate":"http:\/\/kindergruppefh-erlangen.de\/startseite\/?s={search_term_string}"},"query-input":{"@type":"PropertyValueSpecification","valueRequired":true,"valueName":"search_term_string"}}],"inLanguage":"de-DE"}]}},"_links":{"self":[{"href":"http:\/\/kindergruppefh-erlangen.de\/startseite\/wp-json\/wp\/v2\/pages\/38"}],"collection":[{"href":"http:\/\/kindergruppefh-erlangen.de\/startseite\/wp-json\/wp\/v2\/pages"}],"about":[{"href":"http:\/\/kindergruppefh-erlangen.de\/startseite\/wp-json\/wp\/v2\/types\/page"}],"author":[{"embeddable":true,"href":"http:\/\/kindergruppefh-erlangen.de\/startseite\/wp-json\/wp\/v2\/users\/1"}],"replies":[{"embeddable":true,"href":"http:\/\/kindergruppefh-erlangen.de\/startseite\/wp-json\/wp\/v2\/comments?post=38"}],"version-history":[{"count":7,"href":"http:\/\/kindergruppefh-erlangen.de\/startseite\/wp-json\/wp\/v2\/pages\/38\/revisions"}],"predecessor-version":[{"id":243,"href":"http:\/\/kindergruppefh-erlangen.de\/startseite\/wp-json\/wp\/v2\/pages\/38\/revisions\/243"}],"wp:attachment":[{"href":"http:\/\/kindergruppefh-erlangen.de\/startseite\/wp-json\/wp\/v2\/media?parent=38"}],"curies":[{"name":"wp","href":"https:\/\/api.w.org\/{rel}","templated":true}]}}