{"id":36,"date":"2022-11-09T14:04:43","date_gmt":"2022-11-09T14:04:43","guid":{"rendered":"http:\/\/kindergruppefh-erlangen.de\/?page_id=36"},"modified":"2023-06-22T09:03:40","modified_gmt":"2023-06-22T09:03:40","slug":"tonfeldtherapie","status":"publish","type":"page","link":"http:\/\/kindergruppefh-erlangen.de\/startseite\/tonfeldtherapie\/","title":{"rendered":"Arbeit am Tonfeld"},"content":{"rendered":"\n<p>Arbeit am Tonfeld ist eine bew\u00e4hrte und wirksame Methode, um Entwicklungen gezielt nachzuholen, herausfordernde Lebenssituationen auszugleichen und ureigene Potentiale der Pers\u00f6nlichkeit zu entfalten. Sie ist im sozialtherapeutischen sowie p\u00e4dagogischen Rahmen einsetzbar. Mit ihrem schlichten Setting spricht sie Kinder aller Altersstufen sowie Jugendliche gleicherma\u00dfen an.&nbsp;<\/p>\n\n\n\n<p>Es wird an einem flachen Kasten, der mit weichem T\u00f6pferton gef\u00fcllt ist, und mit einer Schale voll Wasser gearbeitet. Das Kind, oder die jugendliche Person, darf mit dem Ton machen, was sie m\u00f6chte. Es geht hierbei nicht um ein Ergebnis, sondern um den Prozess, der durch die haptischen Erfahrungen, die mit dem Ton gemacht werden k\u00f6nnen, beginnt, und sich im K\u00f6rper und im Geist fortsetzt. Die Person, die mit dem Ton arbeitet, kann sich durch die Ber\u00fchrung mit dem Material selbst kennenlernen und somit zu sich selbst finden. Die Begleiterin unterst\u00fctzt diesen Prozess durch ihre aufmerksame Anwesenheit und hilft durch gezieltes Ansprechen beim Wahrnehmen und Verstehen.<\/p>\n\n\n\n<p><\/p>\n\n\n\n<p>Durch die vielf\u00e4ltige Formbarkeit, die der Ton bietet, wird die haptische Erfahrung des Ber\u00fchrens und gleichzeitigen Ber\u00fchrt-Seins erm\u00f6glicht, Bewegungen der H\u00e4nde k\u00f6nnen fortw\u00e4hrend gestalten und umgestalten. In diesem sensomotorischen Prozess kann Entwicklung nachgeholt und vollzogen werden. Dadurch kann die eigene Pers\u00f6nlichkeit im Bezug zu ihrer Umwelt mit Hilfe des haptischen Sinnes erkannt werden.<\/p>\n\n\n\n<p>Der haptische Sinn ist der grundlegendste Beziehungssinn des Menschen zur Welt, zu anderen und zu sich selbst. Er setzt sich zusammen aus dem Hautsinn, der Tiefensensibilit\u00e4t und dem Gleichgewicht. Die Erfahrungen, die mit diesem Sinn gemacht werden k\u00f6nnen, sind \u00fcbertragbar auf Entwicklungen, die wir unser ganzes Leben lang fortw\u00e4hrend machen.<\/p>\n","protected":false},"excerpt":{"rendered":"<p>Arbeit am Tonfeld ist eine bew\u00e4hrte und wirksame Methode, um Entwicklungen gezielt nachzuholen, herausfordernde Lebenssituationen auszugleichen und ureigene Potentiale der Pers\u00f6nlichkeit zu entfalten. Sie ist im sozialtherapeutischen sowie p\u00e4dagogischen Rahmen einsetzbar. Mit ihrem schlichten Setting spricht sie Kinder aller Altersstufen sowie Jugendliche gleicherma\u00dfen an.&nbsp; Es wird an einem flachen Kasten, der mit weichem T\u00f6pferton gef\u00fcllt [&hellip;]<\/p>\n","protected":false},"author":1,"featured_media":0,"parent":0,"menu_order":0,"comment_status":"closed","ping_status":"closed","template":"","meta":{"footnotes":""},"class_list":["post-36","page","type-page","status-publish","hentry"],"yoast_head":"<!-- This site is optimized with the Yoast SEO plugin v25.6 - https:\/\/yoast.com\/wordpress\/plugins\/seo\/ -->\n<title>Arbeit am Tonfeld - JugendKinderHaus FH e.V.<\/title>\n<meta name=\"description\" content=\"Arbeit am Tonfeld ist eine bew\u00e4hrte und wirksame Methode, um Entwicklungen gezielt nachzuholen, herausfordernde Lebenssituationen auszugleichen und ureigene Potentiale der Pers\u00f6nlichkeit zu entfalten.\" \/>\n<meta name=\"robots\" content=\"index, follow, max-snippet:-1, max-image-preview:large, max-video-preview:-1\" \/>\n<link rel=\"canonical\" href=\"http:\/\/kindergruppefh-erlangen.de\/startseite\/tonfeldtherapie\/\" \/>\n<meta property=\"og:locale\" content=\"de_DE\" \/>\n<meta property=\"og:type\" content=\"article\" \/>\n<meta property=\"og:title\" content=\"Arbeit am Tonfeld - JugendKinderHaus FH e.V.\" \/>\n<meta property=\"og:description\" content=\"Arbeit am Tonfeld ist eine bew\u00e4hrte und wirksame Methode, um Entwicklungen gezielt nachzuholen, herausfordernde Lebenssituationen auszugleichen und ureigene Potentiale der Pers\u00f6nlichkeit zu entfalten.\" \/>\n<meta property=\"og:url\" content=\"http:\/\/kindergruppefh-erlangen.de\/startseite\/tonfeldtherapie\/\" \/>\n<meta property=\"og:site_name\" content=\"JugendKinderHaus FH e.V.\" \/>\n<meta property=\"article:modified_time\" content=\"2023-06-22T09:03:40+00:00\" \/>\n<meta name=\"twitter:card\" content=\"summary_large_image\" \/>\n<meta name=\"twitter:label1\" content=\"Gesch\u00e4tzte Lesezeit\" \/>\n\t<meta name=\"twitter:data1\" content=\"2 Minuten\" \/>\n<script type=\"application\/ld+json\" class=\"yoast-schema-graph\">{\"@context\":\"https:\/\/schema.org\",\"@graph\":[{\"@type\":\"WebPage\",\"@id\":\"http:\/\/kindergruppefh-erlangen.de\/startseite\/tonfeldtherapie\/\",\"url\":\"http:\/\/kindergruppefh-erlangen.de\/startseite\/tonfeldtherapie\/\",\"name\":\"Arbeit am Tonfeld - JugendKinderHaus FH e.V.\",\"isPartOf\":{\"@id\":\"http:\/\/kindergruppefh-erlangen.de\/startseite\/#website\"},\"datePublished\":\"2022-11-09T14:04:43+00:00\",\"dateModified\":\"2023-06-22T09:03:40+00:00\",\"description\":\"Arbeit am Tonfeld ist eine bew\u00e4hrte und wirksame Methode, um Entwicklungen gezielt nachzuholen, herausfordernde Lebenssituationen auszugleichen und ureigene Potentiale der Pers\u00f6nlichkeit zu entfalten.\",\"breadcrumb\":{\"@id\":\"http:\/\/kindergruppefh-erlangen.de\/startseite\/tonfeldtherapie\/#breadcrumb\"},\"inLanguage\":\"de-DE\",\"potentialAction\":[{\"@type\":\"ReadAction\",\"target\":[\"http:\/\/kindergruppefh-erlangen.de\/startseite\/tonfeldtherapie\/\"]}]},{\"@type\":\"BreadcrumbList\",\"@id\":\"http:\/\/kindergruppefh-erlangen.de\/startseite\/tonfeldtherapie\/#breadcrumb\",\"itemListElement\":[{\"@type\":\"ListItem\",\"position\":1,\"name\":\"Startseite\",\"item\":\"http:\/\/kindergruppefh-erlangen.de\/startseite\/\"},{\"@type\":\"ListItem\",\"position\":2,\"name\":\"Arbeit am Tonfeld\"}]},{\"@type\":\"WebSite\",\"@id\":\"http:\/\/kindergruppefh-erlangen.de\/startseite\/#website\",\"url\":\"http:\/\/kindergruppefh-erlangen.de\/startseite\/\",\"name\":\"JugendKinderHaus FH e.V.\",\"description\":\"\",\"potentialAction\":[{\"@type\":\"SearchAction\",\"target\":{\"@type\":\"EntryPoint\",\"urlTemplate\":\"http:\/\/kindergruppefh-erlangen.de\/startseite\/?s={search_term_string}\"},\"query-input\":{\"@type\":\"PropertyValueSpecification\",\"valueRequired\":true,\"valueName\":\"search_term_string\"}}],\"inLanguage\":\"de-DE\"}]}<\/script>\n<!-- \/ Yoast SEO plugin. -->","yoast_head_json":{"title":"Arbeit am Tonfeld - JugendKinderHaus FH e.V.","description":"Arbeit am Tonfeld ist eine bew\u00e4hrte und wirksame Methode, um Entwicklungen gezielt nachzuholen, herausfordernde Lebenssituationen auszugleichen und ureigene Potentiale der Pers\u00f6nlichkeit zu entfalten.","robots":{"index":"index","follow":"follow","max-snippet":"max-snippet:-1","max-image-preview":"max-image-preview:large","max-video-preview":"max-video-preview:-1"},"canonical":"http:\/\/kindergruppefh-erlangen.de\/startseite\/tonfeldtherapie\/","og_locale":"de_DE","og_type":"article","og_title":"Arbeit am Tonfeld - JugendKinderHaus FH e.V.","og_description":"Arbeit am Tonfeld ist eine bew\u00e4hrte und wirksame Methode, um Entwicklungen gezielt nachzuholen, herausfordernde Lebenssituationen auszugleichen und ureigene Potentiale der Pers\u00f6nlichkeit zu entfalten.","og_url":"http:\/\/kindergruppefh-erlangen.de\/startseite\/tonfeldtherapie\/","og_site_name":"JugendKinderHaus FH e.V.","article_modified_time":"2023-06-22T09:03:40+00:00","twitter_card":"summary_large_image","twitter_misc":{"Gesch\u00e4tzte Lesezeit":"2 Minuten"},"schema":{"@context":"https:\/\/schema.org","@graph":[{"@type":"WebPage","@id":"http:\/\/kindergruppefh-erlangen.de\/startseite\/tonfeldtherapie\/","url":"http:\/\/kindergruppefh-erlangen.de\/startseite\/tonfeldtherapie\/","name":"Arbeit am Tonfeld - JugendKinderHaus FH e.V.","isPartOf":{"@id":"http:\/\/kindergruppefh-erlangen.de\/startseite\/#website"},"datePublished":"2022-11-09T14:04:43+00:00","dateModified":"2023-06-22T09:03:40+00:00","description":"Arbeit am Tonfeld ist eine bew\u00e4hrte und wirksame Methode, um Entwicklungen gezielt nachzuholen, herausfordernde Lebenssituationen auszugleichen und ureigene Potentiale der Pers\u00f6nlichkeit zu entfalten.","breadcrumb":{"@id":"http:\/\/kindergruppefh-erlangen.de\/startseite\/tonfeldtherapie\/#breadcrumb"},"inLanguage":"de-DE","potentialAction":[{"@type":"ReadAction","target":["http:\/\/kindergruppefh-erlangen.de\/startseite\/tonfeldtherapie\/"]}]},{"@type":"BreadcrumbList","@id":"http:\/\/kindergruppefh-erlangen.de\/startseite\/tonfeldtherapie\/#breadcrumb","itemListElement":[{"@type":"ListItem","position":1,"name":"Startseite","item":"http:\/\/kindergruppefh-erlangen.de\/startseite\/"},{"@type":"ListItem","position":2,"name":"Arbeit am Tonfeld"}]},{"@type":"WebSite","@id":"http:\/\/kindergruppefh-erlangen.de\/startseite\/#website","url":"http:\/\/kindergruppefh-erlangen.de\/startseite\/","name":"JugendKinderHaus FH e.V.","description":"","potentialAction":[{"@type":"SearchAction","target":{"@type":"EntryPoint","urlTemplate":"http:\/\/kindergruppefh-erlangen.de\/startseite\/?s={search_term_string}"},"query-input":{"@type":"PropertyValueSpecification","valueRequired":true,"valueName":"search_term_string"}}],"inLanguage":"de-DE"}]}},"_links":{"self":[{"href":"http:\/\/kindergruppefh-erlangen.de\/startseite\/wp-json\/wp\/v2\/pages\/36"}],"collection":[{"href":"http:\/\/kindergruppefh-erlangen.de\/startseite\/wp-json\/wp\/v2\/pages"}],"about":[{"href":"http:\/\/kindergruppefh-erlangen.de\/startseite\/wp-json\/wp\/v2\/types\/page"}],"author":[{"embeddable":true,"href":"http:\/\/kindergruppefh-erlangen.de\/startseite\/wp-json\/wp\/v2\/users\/1"}],"replies":[{"embeddable":true,"href":"http:\/\/kindergruppefh-erlangen.de\/startseite\/wp-json\/wp\/v2\/comments?post=36"}],"version-history":[{"count":6,"href":"http:\/\/kindergruppefh-erlangen.de\/startseite\/wp-json\/wp\/v2\/pages\/36\/revisions"}],"predecessor-version":[{"id":128,"href":"http:\/\/kindergruppefh-erlangen.de\/startseite\/wp-json\/wp\/v2\/pages\/36\/revisions\/128"}],"wp:attachment":[{"href":"http:\/\/kindergruppefh-erlangen.de\/startseite\/wp-json\/wp\/v2\/media?parent=36"}],"curies":[{"name":"wp","href":"https:\/\/api.w.org\/{rel}","templated":true}]}}